{"id":433,"date":"2021-09-14T22:53:39","date_gmt":"2021-09-14T22:53:39","guid":{"rendered":"https:\/\/preserfloprod.wpengine.com\/contact-us\/"},"modified":"2021-12-03T18:32:07","modified_gmt":"2021-12-03T18:32:07","slug":"nous-joindre","status":"publish","type":"page","link":"https:\/\/preserflo.glaukos.com\/frca\/nous-joindre\/","title":{"rendered":"Nous Joindre"},"content":{"rendered":"\n\n\n        \n  <style>\n    .hero:before { opacity: 0.76; }\n\n          @media screen and (min-width: 0) { .hero:before { background-image: url(https:\/\/preserflo.glaukos.com\/wp-content\/uploads\/2021\/10\/contact-hero-mobile.png); } }\n              @media screen and (min-width: 768px) { .hero:before { background-image: url(https:\/\/preserflo.glaukos.com\/wp-content\/uploads\/2021\/10\/contact-hero-tablet.png); } }\n              @media screen and (min-width: 1024px) { .hero:before { background-image: url(https:\/\/preserflo.glaukos.com\/wp-content\/uploads\/2021\/10\/contact-hero-desktop.png); } }\n              @media screen and (min-width: 1420px) { .hero:before { background-image: url(https:\/\/preserflo.glaukos.com\/wp-content\/uploads\/2021\/10\/contact-hero-desktophd.png); } }\n      <\/style>\n\n\n\n<div class=\"hero bg-dark-blue-gradient hero-mode- hero-align-center\">\n  <div class=\"site-width\">\n    <div class=\"hero-content\">\n      <div>\n\n<h1 class=\"wp-block-heading\">Nous joindre<\/h1>\n\n<\/div>\n\n          <\/div>\n  <\/div>\n<\/div>\n\n\n<section id=\"section-block_61575b3fd47ac\" class=\"section  section-section \">\n  <div class=\"inner site-width\">\n    \n\n<div class=\"wp-block-columns g g1 g2_t is-layout-flex wp-container-core-columns-is-layout-9d6595d7 wp-block-columns-is-layout-flex\">\n<div class=\"wp-block-column is-layout-flow wp-block-column-is-layout-flow\">\n<h3 class=\"small-underline wp-block-heading\">Demandes g\u00e9n\u00e9rales<\/h3>\n\n\n\n<p><strong>Glaukos Canada<\/strong><br>95 Mural Street, 6th Floor,<br>Richmond Hill, ON L4B 3G2<\/p>\n\n\n\n<p><strong><strong>T\u00e9l\u00e9phone<\/strong>:<\/strong> 905-695-3555<br><strong><strong>T\u00e9l\u00e9copieur<\/strong>:<\/strong> 905-305-6649<br><strong><strong>T\u00e9l\u00e9phone du Service \u00e0 la client\u00e8le<\/strong>:<\/strong><br>844-GLAUKOS (452-8567)<br><strong><strong>T\u00e9l\u00e9copieur du Service \u00e0 la client\u00e8le<\/strong>:<\/strong><br>844-452-8329<br><strong><strong>Directeur g\u00e9n\u00e9ral<\/strong>:<\/strong><br>Kevin Shearer: <a href=\"mailto:kshearer@glaukos.com\">kshearer@glaukos.com<\/a><\/p>\n<\/div>\n\n\n\n<div class=\"wp-block-column form-contact-us is-layout-flow wp-block-column-is-layout-flow\"><script type=\"text\/javascript\">\n\/* <![CDATA[ *\/\nvar gform;gform||(document.addEventListener(\"gform_main_scripts_loaded\",function(){gform.scriptsLoaded=!0}),document.addEventListener(\"gform\/theme\/scripts_loaded\",function(){gform.themeScriptsLoaded=!0}),window.addEventListener(\"DOMContentLoaded\",function(){gform.domLoaded=!0}),gform={domLoaded:!1,scriptsLoaded:!1,themeScriptsLoaded:!1,isFormEditor:()=>\"function\"==typeof InitializeEditor,callIfLoaded:function(o){return!(!gform.domLoaded||!gform.scriptsLoaded||!gform.themeScriptsLoaded&&!gform.isFormEditor()||(gform.isFormEditor()&&console.warn(\"The use of gform.initializeOnLoaded() is deprecated in the form editor context and will be removed in Gravity Forms 3.1.\"),o(),0))},initializeOnLoaded:function(o){gform.callIfLoaded(o)||(document.addEventListener(\"gform_main_scripts_loaded\",()=>{gform.scriptsLoaded=!0,gform.callIfLoaded(o)}),document.addEventListener(\"gform\/theme\/scripts_loaded\",()=>{gform.themeScriptsLoaded=!0,gform.callIfLoaded(o)}),window.addEventListener(\"DOMContentLoaded\",()=>{gform.domLoaded=!0,gform.callIfLoaded(o)}))},hooks:{action:{},filter:{}},addAction:function(o,r,e,t){gform.addHook(\"action\",o,r,e,t)},addFilter:function(o,r,e,t){gform.addHook(\"filter\",o,r,e,t)},doAction:function(o){gform.doHook(\"action\",o,arguments)},applyFilters:function(o){return gform.doHook(\"filter\",o,arguments)},removeAction:function(o,r){gform.removeHook(\"action\",o,r)},removeFilter:function(o,r,e){gform.removeHook(\"filter\",o,r,e)},addHook:function(o,r,e,t,n){null==gform.hooks[o][r]&&(gform.hooks[o][r]=[]);var d=gform.hooks[o][r];null==n&&(n=r+\"_\"+d.length),gform.hooks[o][r].push({tag:n,callable:e,priority:t=null==t?10:t})},doHook:function(r,o,e){var t;if(e=Array.prototype.slice.call(e,1),null!=gform.hooks[r][o]&&((o=gform.hooks[r][o]).sort(function(o,r){return o.priority-r.priority}),o.forEach(function(o){\"function\"!=typeof(t=o.callable)&&(t=window[t]),\"action\"==r?t.apply(null,e):e[0]=t.apply(null,e)})),\"filter\"==r)return e[0]},removeHook:function(o,r,t,n){var e;null!=gform.hooks[o][r]&&(e=(e=gform.hooks[o][r]).filter(function(o,r,e){return!!(null!=n&&n!=o.tag||null!=t&&t!=o.priority)}),gform.hooks[o][r]=e)}});\n\/* ]]> *\/\n<\/script>\n\n                <div class='gf_browser_gecko gform_wrapper gravity-theme gform-theme--no-framework' data-form-theme='gravity-theme' data-form-index='0' id='gform_wrapper_2' ><div id='gf_2' class='gform_anchor' tabindex='-1'><\/div>\n                        <div class='gform_heading'>\n                            <h2 class=\"gform_title\">Contact Us &#8211; FRCA<\/h2>\n                            <p class='gform_description'>Main Contact Us Form for Canada French<\/p>\n                        <\/div><form method='post' enctype='multipart\/form-data' target='gform_ajax_frame_2' id='gform_2'  action='\/frca\/wp-json\/wp\/v2\/pages\/433#gf_2' data-formid='2' novalidate>\n                        <div class='gform-body gform_body'><div id='gform_fields_2' class='gform_fields top_label form_sublabel_below description_below validation_below'><div id=\"field_2_9\" class=\"gfield gfield--type-honeypot gform_validation_container field_sublabel_below gfield--has-description field_description_below field_validation_below gfield_visibility_visible\"  ><label class='gfield_label gform-field-label' for='input_2_9'>LinkedIn<\/label><div class='ginput_container'><input name='input_9' id='input_2_9' type='text' value='' autocomplete='new-password'\/><\/div><div class='gfield_description' id='gfield_description_2_9'>Ce champ n\u2019est utilis\u00e9 qu\u2019\u00e0 des fins de validation et devrait rester inchang\u00e9.<\/div><\/div><div id=\"field_2_1\" class=\"gfield gfield--type-text gfield--width-half gfield_contains_required field_sublabel_below gfield--no-description field_description_above field_validation_below gfield_visibility_visible\"  ><label class='gfield_label gform-field-label' for='input_2_1'>Nom<span class=\"gfield_required\"><span class=\"gfield_required gfield_required_text\">(N\u00e9cessaire)<\/span><\/span><\/label><div class='ginput_container ginput_container_text'><input name='input_1' id='input_2_1' type='text' value='' class='large'    placeholder='Nom*' aria-required=\"true\" aria-invalid=\"false\"   \/><\/div><\/div><div id=\"field_2_2\" class=\"gfield gfield--type-text gfield--width-half gfield_contains_required field_sublabel_below gfield--no-description field_description_below field_validation_below gfield_visibility_visible\"  ><label class='gfield_label gform-field-label' for='input_2_2'>Pr\u00e9nom<span class=\"gfield_required\"><span class=\"gfield_required gfield_required_text\">(N\u00e9cessaire)<\/span><\/span><\/label><div class='ginput_container ginput_container_text'><input name='input_2' id='input_2_2' type='text' value='' class='large'    placeholder='Pr\u00e9nom*' aria-required=\"true\" aria-invalid=\"false\"   \/><\/div><\/div><div id=\"field_2_3\" class=\"gfield gfield--type-email gfield--width-half gfield_contains_required field_sublabel_below gfield--no-description field_description_below field_validation_below gfield_visibility_visible\"  ><label class='gfield_label gform-field-label' for='input_2_3'>Courriel<span class=\"gfield_required\"><span class=\"gfield_required gfield_required_text\">(N\u00e9cessaire)<\/span><\/span><\/label><div class='ginput_container ginput_container_email'>\n                            <input name='input_3' id='input_2_3' type='email' value='' class='large'   placeholder='Courriel*' aria-required=\"true\" aria-invalid=\"false\"  \/>\n                        <\/div><\/div><div id=\"field_2_4\" class=\"gfield gfield--type-phone gfield--width-half gfield_contains_required field_sublabel_below gfield--no-description field_description_below field_validation_below gfield_visibility_visible\"  ><label class='gfield_label gform-field-label' for='input_2_4'>T\u00e9l\u00e9phone<span class=\"gfield_required\"><span class=\"gfield_required gfield_required_text\">(N\u00e9cessaire)<\/span><\/span><\/label><div class='ginput_container ginput_container_phone'><input name='input_4' id='input_2_4' type='tel' value='' class='large'  placeholder='T\u00e9l\u00e9phone*' aria-required=\"true\" aria-invalid=\"false\"   \/><\/div><\/div><div id=\"field_2_5\" class=\"gfield gfield--type-text gfield--width-full gfield_contains_required field_sublabel_below gfield--no-description field_description_below field_validation_below gfield_visibility_visible\"  ><label class='gfield_label gform-field-label' for='input_2_5'>Nom de l&#039;entreprise<span class=\"gfield_required\"><span class=\"gfield_required gfield_required_text\">(N\u00e9cessaire)<\/span><\/span><\/label><div class='ginput_container ginput_container_text'><input name='input_5' id='input_2_5' type='text' value='' class='large'    placeholder='Nom de l&#039;entreprise*' aria-required=\"true\" aria-invalid=\"false\"   \/><\/div><\/div><div id=\"field_2_8\" class=\"gfield gfield--type-textarea gfield--width-full field_sublabel_below gfield--no-description field_description_below field_validation_below gfield_visibility_visible\"  ><label class='gfield_label gform-field-label' for='input_2_8'>Votre message<\/label><div class='ginput_container ginput_container_textarea'><textarea name='input_8' id='input_2_8' class='textarea medium'    placeholder='Votre message'  aria-invalid=\"false\"   rows='10' cols='50'><\/textarea><\/div><\/div><\/div><\/div>\n        <div class='gform-footer gform_footer top_label'> <input type='submit' id='gform_submit_button_2' class='gform_button button' onclick='gform.submission.handleButtonClick(this);' data-submission-type='submit' value='Soumettre'  \/> <input type='hidden' name='gform_ajax' value='form_id=2&amp;title=1&amp;description=1&amp;tabindex=0&amp;theme=gravity-theme&amp;styles=[]&amp;hash=00b491eb5e1773c540ab302d764c047f' \/>\n            <input type='hidden' class='gform_hidden' name='gform_submission_method' data-js='gform_submission_method_2' value='iframe' \/>\n            <input type='hidden' class='gform_hidden' name='gform_theme' data-js='gform_theme_2' id='gform_theme_2' value='gravity-theme' \/>\n            <input type='hidden' class='gform_hidden' name='gform_style_settings' data-js='gform_style_settings_2' id='gform_style_settings_2' value='[]' \/>\n            <input type='hidden' class='gform_hidden' name='is_submit_2' value='1' \/>\n            <input type='hidden' class='gform_hidden' name='gform_submit' value='2' \/>\n            \n            <input type='hidden' class='gform_hidden' name='gform_currency' data-currency='USD' value='ybG2NK7F5Ax3pbfAw2ivkxS+Y1MZAVd44LLgrpf3UMx6GWbMkoCpFZh0cTlpi9mOwH6WeAhu3yW\/MAsCNR8gPJt8hEAIoVxqi0LqaVvkZuMv8Ts=' \/>\n            <input type='hidden' class='gform_hidden' name='gform_unique_id' value='' \/>\n            <input type='hidden' class='gform_hidden' name='state_2' value='WyJbXSIsImZiNWI2MTQ2NmQ1M2QxNDQ0NjY3MDM2ZWYyMjBkN2I5Il0=' \/>\n            <input type='hidden' autocomplete='off' class='gform_hidden' name='gform_target_page_number_2' id='gform_target_page_number_2' value='0' \/>\n            <input type='hidden' autocomplete='off' class='gform_hidden' name='gform_source_page_number_2' id='gform_source_page_number_2' value='1' \/>\n            <input type='hidden' name='gform_field_values' value='' \/>\n            \n        <\/div>\n                        <\/form>\n                        <\/div>\n\t\t                <iframe style='display:none;width:0px;height:0px;' src='about:blank' name='gform_ajax_frame_2' id='gform_ajax_frame_2' title='Cette iframe contient la logique n\u00e9cessaire pour manipuler Gravity Forms avec AJAX'><\/iframe>\n\t\t                <script type=\"text\/javascript\">\n\/* <![CDATA[ *\/\n gform.initializeOnLoaded( function() {gformInitSpinner( 2, 'https:\/\/preserflo.glaukos.com\/wp-content\/plugins\/gravityforms\/images\/spinner.svg', true );jQuery('#gform_ajax_frame_2').on('load',function(){var contents = jQuery(this).contents().find('*').html();var is_postback = contents.indexOf('GF_AJAX_POSTBACK') >= 0;if(!is_postback){return;}var form_content = jQuery(this).contents().find('#gform_wrapper_2');var is_confirmation = jQuery(this).contents().find('#gform_confirmation_wrapper_2').length > 0;var is_redirect = contents.indexOf('gformRedirect(){') >= 0;var is_form = form_content.length > 0 && ! is_redirect && ! is_confirmation;var mt = parseInt(jQuery('html').css('margin-top'), 10) + parseInt(jQuery('body').css('margin-top'), 10) + 100;if(is_form){jQuery('#gform_wrapper_2').html(form_content.html());if(form_content.hasClass('gform_validation_error')){jQuery('#gform_wrapper_2').addClass('gform_validation_error');} else {jQuery('#gform_wrapper_2').removeClass('gform_validation_error');}setTimeout( function() { \/* delay the scroll by 50 milliseconds to fix a bug in chrome *\/ jQuery(document).scrollTop(jQuery('#gform_wrapper_2').offset().top - mt); }, 50 );if(window['gformInitDatepicker']) {gformInitDatepicker();}if(window['gformInitPriceFields']) {gformInitPriceFields();}var current_page = jQuery('#gform_source_page_number_2').val();gformInitSpinner( 2, 'https:\/\/preserflo.glaukos.com\/wp-content\/plugins\/gravityforms\/images\/spinner.svg', true );jQuery(document).trigger('gform_page_loaded', [2, current_page]);window['gf_submitting_2'] = false;}else if(!is_redirect){var confirmation_content = jQuery(this).contents().find('.GF_AJAX_POSTBACK').html();if(!confirmation_content){confirmation_content = contents;}jQuery('#gform_wrapper_2').replaceWith(confirmation_content);jQuery(document).scrollTop(jQuery('#gf_2').offset().top - mt);jQuery(document).trigger('gform_confirmation_loaded', [2]);window['gf_submitting_2'] = false;wp.a11y.speak(jQuery('#gform_confirmation_message_2').text());}else{jQuery('#gform_2').append(contents);if(window['gformRedirect']) {gformRedirect();}}jQuery(document).trigger(\"gform_pre_post_render\", [{ formId: \"2\", currentPage: \"current_page\", abort: function() { this.preventDefault(); } }]);        if (event && event.defaultPrevented) {                return;        }        const gformWrapperDiv = document.getElementById( \"gform_wrapper_2\" );        if ( gformWrapperDiv ) {            const visibilitySpan = document.createElement( \"span\" );            visibilitySpan.id = \"gform_visibility_test_2\";            gformWrapperDiv.insertAdjacentElement( \"afterend\", visibilitySpan );        }        const visibilityTestDiv = document.getElementById( \"gform_visibility_test_2\" );        let postRenderFired = false;        function triggerPostRender() {            if ( postRenderFired ) {                return;            }            postRenderFired = true;            gform.core.triggerPostRenderEvents( 2, current_page );            if ( visibilityTestDiv ) {                visibilityTestDiv.parentNode.removeChild( visibilityTestDiv );            }        }        function debounce( func, wait, immediate ) {            var timeout;            return function() {                var context = this, args = arguments;                var later = function() {                    timeout = null;                    if ( !immediate ) func.apply( context, args );                };                var callNow = immediate && !timeout;                clearTimeout( timeout );                timeout = setTimeout( later, wait );                if ( callNow ) func.apply( context, args );            };        }        const debouncedTriggerPostRender = debounce( function() {            triggerPostRender();        }, 200 );        if ( visibilityTestDiv && visibilityTestDiv.offsetParent === null ) {            const observer = new MutationObserver( ( mutations ) => {                mutations.forEach( ( mutation ) => {                    if ( mutation.type === 'attributes' && visibilityTestDiv.offsetParent !== null ) {                        debouncedTriggerPostRender();                        observer.disconnect();                    }                });            });            observer.observe( document.body, {                attributes: true,                childList: false,                subtree: true,                attributeFilter: [ 'style', 'class' ],            });        } else {            triggerPostRender();        }    } );} ); \n\/* ]]> *\/\n<\/script>\n<\/div>\n<\/div>\n\n\n  <\/div>\n<\/section>\n\n\n\n\n\n<section id=\"push-block_6157621cdae4a\" class=\"section  section-push push-block-splash \"><div  class=\"site-width\"><div class=\"push\">  <div>\n\n<h2 class=\"has-text-align-center wp-block-heading\">PRESERFLO<sup>MC<\/sup> MicroShunt<\/h2>\n\n\n\n<p>Le PRESERFLO<sup>MC<\/sup> MicroShunt est un dispositif de drainage sous-conjonctival pour le glaucome. Fabriqu\u00e9 en SIBS, un mat\u00e9riau unique, biocompatible et r\u00e9sistant \u00e0 la d\u00e9gradation, il est con\u00e7u pour r\u00e9duire la PIO chez les patients atteints de glaucome primitif \u00e0 angle ouvert.<\/p>\n\n<\/div>\n  <a class=\"push-btn btn\" href=\"\/frca\/professionnels-de-la-sante\/\">En savoir plus<\/a><\/div><\/div><\/section>\n\n\n<p><\/p>\n","protected":false},"excerpt":{"rendered":"","protected":false},"author":1,"featured_media":0,"parent":0,"menu_order":0,"comment_status":"closed","ping_status":"closed","template":"","meta":{"_acf_changed":false,"inline_featured_image":false,"footnotes":""},"class_list":["post-433","page","type-page","status-publish","hentry"],"acf":[],"yoast_head":"<!-- This site is optimized with the Yoast SEO plugin v27.3 - https:\/\/yoast.com\/product\/yoast-seo-wordpress\/ -->\n<title>Contact Us | PRESERFLO\u2122 MicroShunt | Glaukos<\/title>\n<meta name=\"description\" content=\"Have questions about PRESERFLO\u2122 MicroShunt or general inquiries? Get in touch with Glaukos through our contact form, email, or call us.\" \/>\n<meta name=\"robots\" content=\"index, follow, max-snippet:-1, max-image-preview:large, max-video-preview:-1\" \/>\n<link rel=\"canonical\" href=\"https:\/\/preserflo.glaukos.com\/frca\/nous-joindre\/\" \/>\n<meta property=\"og:locale\" content=\"fr_CA\" \/>\n<meta property=\"og:type\" content=\"article\" \/>\n<meta property=\"og:title\" content=\"Contact Us | PRESERFLO\u2122 MicroShunt | Glaukos\" \/>\n<meta property=\"og:description\" content=\"Have questions about PRESERFLO\u2122 MicroShunt or general inquiries? Get in touch with Glaukos through our contact form, email, or call us.\" \/>\n<meta property=\"og:url\" content=\"https:\/\/preserflo.glaukos.com\/frca\/nous-joindre\/\" \/>\n<meta property=\"og:site_name\" content=\"PRESERFLO\u2122 MicroShunt\" \/>\n<meta property=\"article:modified_time\" content=\"2021-12-03T18:32:07+00:00\" \/>\n<meta name=\"twitter:card\" content=\"summary_large_image\" \/>\n<meta name=\"twitter:label1\" content=\"Estimation du temps de lecture\" \/>\n\t<meta name=\"twitter:data1\" content=\"1 minute\" \/>\n<script type=\"application\/ld+json\" class=\"yoast-schema-graph\">{\"@context\":\"https:\\\/\\\/schema.org\",\"@graph\":[{\"@type\":\"WebPage\",\"@id\":\"https:\\\/\\\/preserflo.glaukos.com\\\/frca\\\/nous-joindre\\\/\",\"url\":\"https:\\\/\\\/preserflo.glaukos.com\\\/frca\\\/nous-joindre\\\/\",\"name\":\"Contact Us | PRESERFLO\u2122 MicroShunt | Glaukos\",\"isPartOf\":{\"@id\":\"https:\\\/\\\/preserflo.glaukos.com\\\/#website\"},\"datePublished\":\"2021-09-14T22:53:39+00:00\",\"dateModified\":\"2021-12-03T18:32:07+00:00\",\"description\":\"Have questions about PRESERFLO\u2122 MicroShunt or general inquiries? Get in touch with Glaukos through our contact form, email, or call us.\",\"breadcrumb\":{\"@id\":\"https:\\\/\\\/preserflo.glaukos.com\\\/frca\\\/nous-joindre\\\/#breadcrumb\"},\"inLanguage\":\"fr-CA\",\"potentialAction\":[{\"@type\":\"ReadAction\",\"target\":[\"https:\\\/\\\/preserflo.glaukos.com\\\/frca\\\/nous-joindre\\\/\"]}]},{\"@type\":\"BreadcrumbList\",\"@id\":\"https:\\\/\\\/preserflo.glaukos.com\\\/frca\\\/nous-joindre\\\/#breadcrumb\",\"itemListElement\":[{\"@type\":\"ListItem\",\"position\":1,\"name\":\"Home\",\"item\":\"https:\\\/\\\/preserflo.glaukos.com\\\/frca\\\/welcome\\\/\"},{\"@type\":\"ListItem\",\"position\":2,\"name\":\"Nous Joindre\"}]},{\"@type\":\"WebSite\",\"@id\":\"https:\\\/\\\/preserflo.glaukos.com\\\/#website\",\"url\":\"https:\\\/\\\/preserflo.glaukos.com\\\/\",\"name\":\"PRESERFLO\u2122 MicroShunt\",\"description\":\"\",\"potentialAction\":[{\"@type\":\"SearchAction\",\"target\":{\"@type\":\"EntryPoint\",\"urlTemplate\":\"https:\\\/\\\/preserflo.glaukos.com\\\/?s={search_term_string}\"},\"query-input\":{\"@type\":\"PropertyValueSpecification\",\"valueRequired\":true,\"valueName\":\"search_term_string\"}}],\"inLanguage\":\"fr-CA\"}]}<\/script>\n<!-- \/ Yoast SEO plugin. -->","yoast_head_json":{"title":"Contact Us | PRESERFLO\u2122 MicroShunt | Glaukos","description":"Have questions about PRESERFLO\u2122 MicroShunt or general inquiries? Get in touch with Glaukos through our contact form, email, or call us.","robots":{"index":"index","follow":"follow","max-snippet":"max-snippet:-1","max-image-preview":"max-image-preview:large","max-video-preview":"max-video-preview:-1"},"canonical":"https:\/\/preserflo.glaukos.com\/frca\/nous-joindre\/","og_locale":"fr_CA","og_type":"article","og_title":"Contact Us | PRESERFLO\u2122 MicroShunt | Glaukos","og_description":"Have questions about PRESERFLO\u2122 MicroShunt or general inquiries? Get in touch with Glaukos through our contact form, email, or call us.","og_url":"https:\/\/preserflo.glaukos.com\/frca\/nous-joindre\/","og_site_name":"PRESERFLO\u2122 MicroShunt","article_modified_time":"2021-12-03T18:32:07+00:00","twitter_card":"summary_large_image","twitter_misc":{"Estimation du temps de lecture":"1 minute"},"schema":{"@context":"https:\/\/schema.org","@graph":[{"@type":"WebPage","@id":"https:\/\/preserflo.glaukos.com\/frca\/nous-joindre\/","url":"https:\/\/preserflo.glaukos.com\/frca\/nous-joindre\/","name":"Contact Us | PRESERFLO\u2122 MicroShunt | Glaukos","isPartOf":{"@id":"https:\/\/preserflo.glaukos.com\/#website"},"datePublished":"2021-09-14T22:53:39+00:00","dateModified":"2021-12-03T18:32:07+00:00","description":"Have questions about PRESERFLO\u2122 MicroShunt or general inquiries? Get in touch with Glaukos through our contact form, email, or call us.","breadcrumb":{"@id":"https:\/\/preserflo.glaukos.com\/frca\/nous-joindre\/#breadcrumb"},"inLanguage":"fr-CA","potentialAction":[{"@type":"ReadAction","target":["https:\/\/preserflo.glaukos.com\/frca\/nous-joindre\/"]}]},{"@type":"BreadcrumbList","@id":"https:\/\/preserflo.glaukos.com\/frca\/nous-joindre\/#breadcrumb","itemListElement":[{"@type":"ListItem","position":1,"name":"Home","item":"https:\/\/preserflo.glaukos.com\/frca\/welcome\/"},{"@type":"ListItem","position":2,"name":"Nous Joindre"}]},{"@type":"WebSite","@id":"https:\/\/preserflo.glaukos.com\/#website","url":"https:\/\/preserflo.glaukos.com\/","name":"PRESERFLO\u2122 MicroShunt","description":"","potentialAction":[{"@type":"SearchAction","target":{"@type":"EntryPoint","urlTemplate":"https:\/\/preserflo.glaukos.com\/?s={search_term_string}"},"query-input":{"@type":"PropertyValueSpecification","valueRequired":true,"valueName":"search_term_string"}}],"inLanguage":"fr-CA"}]}},"_links":{"self":[{"href":"https:\/\/preserflo.glaukos.com\/frca\/wp-json\/wp\/v2\/pages\/433","targetHints":{"allow":["GET"]}}],"collection":[{"href":"https:\/\/preserflo.glaukos.com\/frca\/wp-json\/wp\/v2\/pages"}],"about":[{"href":"https:\/\/preserflo.glaukos.com\/frca\/wp-json\/wp\/v2\/types\/page"}],"author":[{"embeddable":true,"href":"https:\/\/preserflo.glaukos.com\/frca\/wp-json\/wp\/v2\/users\/1"}],"replies":[{"embeddable":true,"href":"https:\/\/preserflo.glaukos.com\/frca\/wp-json\/wp\/v2\/comments?post=433"}],"version-history":[{"count":0,"href":"https:\/\/preserflo.glaukos.com\/frca\/wp-json\/wp\/v2\/pages\/433\/revisions"}],"wp:attachment":[{"href":"https:\/\/preserflo.glaukos.com\/frca\/wp-json\/wp\/v2\/media?parent=433"}],"curies":[{"name":"wp","href":"https:\/\/api.w.org\/{rel}","templated":true}]}}